{"id":1854,"date":"2021-12-06T00:01:57","date_gmt":"2021-12-06T00:01:57","guid":{"rendered":"https:\/\/www.arte-scienza.com\/?page_id=1854"},"modified":"2021-12-03T13:44:51","modified_gmt":"2021-12-03T13:44:51","slug":"6-dezember","status":"publish","type":"page","link":"https:\/\/www.arte-scienza.com\/en\/6-dezember\/","title":{"rendered":"6 Dezember"},"content":{"rendered":"<div class=\"fusion-fullwidth fullwidth-box fusion-builder-row-1 pageheader2021 nonhundred-percent-fullwidth non-hundred-percent-height-scrolling\" style=\"background-color: rgba(255,255,255,0);background-position: center center;background-repeat: no-repeat;padding-top:0px;padding-right:30px;padding-bottom:0px;padding-left:30px;margin-bottom: 0px;margin-top: 0px;border-width: 0px 0px 0px 0px;border-color:#eae9e9;border-style:solid;min-height:800px;\" ><div class=\"fusion-builder-row fusion-row\"><div class=\"fusion-layout-column fusion_builder_column fusion-builder-column-0 fusion_builder_column_1_1 1_1 fusion-one-full fusion-column-first fusion-column-last\" style=\"margin-top:0px;margin-bottom:20px;\"><div class=\"fusion-column-wrapper fusion-flex-column-wrapper-legacy\" style=\"background-position:left top;background-repeat:no-repeat;-webkit-background-size:cover;-moz-background-size:cover;-o-background-size:cover;background-size:cover;padding: 0px 0px 0px 0px;\"><div class=\"imageframe-align-center\"><span class=\"fusion-imageframe imageframe-none imageframe-1 hover-type-none\" style=\"width:100%;max-width:90px;margin-bottom:10px;\"><img decoding=\"async\" title=\"6\" src=\"data:image\/gif;base64,R0lGODlhAQABAAAAACH5BAEKAAEALAAAAAABAAEAAAICTAEAOw==\" data-orig-src=\"https:\/\/www.arte-scienza.com\/wp-content\/uploads\/2021\/11\/6.svg\" class=\"lazyload img-responsive wp-image-2180\"\/><\/span><\/div><style type=\"text\/css\">@media only screen and (max-width:850px) {.fusion-title.fusion-title-1{margin-top:10px!important;margin-bottom:!important;}}<\/style><div class=\"fusion-title title fusion-title-1 fusion-title-center fusion-title-text fusion-title-size-two adventskalender\" style=\"font-size:25px;margin-top:15px;margin-bottom:5px;\"><div class=\"title-sep-container title-sep-container-left\"><div class=\"title-sep sep-\" style=\"border-color:#e0dede;\"><\/div><\/div><div class=\"title-heading-center title-heading-tag\" style=\"font-family:&quot;Arial, Helvetica, sans-serif&quot;;font-weight:400;margin:0;font-size:1em;\"><p style=\"text-align: center;\"><span style=\"color: #58595b;\">6. Dezember 2021<\/span><\/p><\/div><div class=\"title-sep-container title-sep-container-right\"><div class=\"title-sep sep-\" style=\"border-color:#e0dede;\"><\/div><\/div><\/div><div class=\"fusion-sep-clear\"><\/div><div class=\"fusion-separator fusion-full-width-sep\" style=\"margin-left: auto;margin-right: auto;margin-top:30px;margin-bottom:30px;width:100%;max-width:100%;\"><div class=\"fusion-separator-border sep-single sep-solid\" style=\"border-color:#e0dede;border-top-width:1px;\"><\/div><\/div><div class=\"fusion-sep-clear\"><\/div><div class=\"fusion-text fusion-text-1\" style=\"font-size:30px;color:#f63549;font-family:&#039;Times New Roman&#039;, Times,serif;font-weight:400;\"><p style=\"text-align: center;\">Alles Gute zum Nikolaus!<\/p>\n<\/div><style type=\"text\/css\"><\/style><div class=\"fusion-title title fusion-title-2 fusion-title-center fusion-title-text fusion-title-size-two adventskalender\" style=\"font-size:20px;margin-top:0px;margin-bottom:0px;\"><div class=\"title-sep-container title-sep-container-left\"><div class=\"title-sep sep-\" style=\"border-color:#e0dede;\"><\/div><\/div><div class=\"title-heading-center title-heading-tag\" style=\"font-family:&quot;Arial, Helvetica, sans-serif&quot;;font-weight:400;margin:0;font-size:1em;\"><p style=\"text-align: center;\">LIMITIERTES POSTKARTENBUCH ZU GEWINNEN!<\/p>\n<p style=\"text-align: center;\">Zum Nikolaus verlosen wir 5 limitierte Postkartenb\u00fccher unsere Gesch\u00e4ftsf\u00fchrerin und K\u00fcnstlerin Sonja Janson.<\/p>\n<p style=\"text-align: center;\">Auf jeder Postkarte befindet sich ein anderes Gem\u00e4lde.<\/p><\/div><div class=\"title-sep-container title-sep-container-right\"><div class=\"title-sep sep-\" style=\"border-color:#e0dede;\"><\/div><\/div><\/div><div class=\"imageframe-align-center\"><span class=\"fusion-imageframe imageframe-none imageframe-2 hover-type-none\" style=\"margin-bottom:15px;\"><img decoding=\"async\" width=\"630\" height=\"659\" title=\"Sonja-Janson_Postkartenbuch\" src=\"https:\/\/www.arte-scienza.com\/wp-content\/uploads\/2021\/11\/Sonja-Janson_Postkartenbuch.jpg\" data-orig-src=\"https:\/\/www.arte-scienza.com\/wp-content\/uploads\/2021\/11\/Sonja-Janson_Postkartenbuch.jpg\" class=\"lazyload img-responsive wp-image-2185\" srcset=\"data:image\/svg+xml,%3Csvg%20xmlns%3D%27http%3A%2F%2Fwww.w3.org%2F2000%2Fsvg%27%20width%3D%27630%27%20height%3D%27659%27%20viewBox%3D%270%200%20630%20659%27%3E%3Crect%20width%3D%27630%27%20height%3D%273659%27%20fill-opacity%3D%220%22%2F%3E%3C%2Fsvg%3E\" data-srcset=\"https:\/\/www.arte-scienza.com\/wp-content\/uploads\/2021\/11\/Sonja-Janson_Postkartenbuch-200x209.jpg 200w, https:\/\/www.arte-scienza.com\/wp-content\/uploads\/2021\/11\/Sonja-Janson_Postkartenbuch-400x418.jpg 400w, https:\/\/www.arte-scienza.com\/wp-content\/uploads\/2021\/11\/Sonja-Janson_Postkartenbuch-600x628.jpg 600w, https:\/\/www.arte-scienza.com\/wp-content\/uploads\/2021\/11\/Sonja-Janson_Postkartenbuch.jpg 630w\" data-sizes=\"auto\" data-orig-sizes=\"(max-width: 850px) 100vw, 630px\" \/><\/span><\/div><style type=\"text\/css\"><\/style><div class=\"fusion-title title fusion-title-3 fusion-title-center fusion-title-text fusion-title-size-two adventskalender\" style=\"font-size:20px;margin-top:0px;margin-bottom:0px;\"><div class=\"title-sep-container title-sep-container-left\"><div class=\"title-sep sep-\" style=\"border-color:#e0dede;\"><\/div><\/div><div class=\"title-heading-center title-heading-tag\" style=\"font-family:&quot;Arial, Helvetica, sans-serif&quot;;font-weight:400;margin:0;font-size:1em;\"><p style=\"text-align: center;\">Teilnahmebedingung:<br \/>\nSenden Sie uns einfach bis einschlie\u00dflich 23.12.2021 eine E-Mail an: <em>adventskalender@arte-scienza.de<\/em> mit dem Betreff: <strong>Nikolaus-Geschenk<\/strong><\/p>\n<p style=\"text-align: center;\">und schon landen Sie im Lostopf.<\/p>\n<p style=\"text-align: center;\">Viel Gl\u00fcck!<\/p><\/div><div class=\"title-sep-container title-sep-container-right\"><div class=\"title-sep sep-\" style=\"border-color:#e0dede;\"><\/div><\/div><\/div><script>\njQuery(document).on('ready', function () {\n   jQuery('#main').attr('style','padding-top:0px !important; padding-bottom: 0px !important;');\n})\n<\/script><div class=\"fusion-clearfix\"><\/div><\/div><\/div><\/div><\/div>","protected":false},"excerpt":{"rendered":"","protected":false},"author":1,"featured_media":0,"parent":0,"menu_order":0,"comment_status":"closed","ping_status":"closed","template":"","meta":{"footnotes":""},"class_list":["post-1854","page","type-page","status-publish","hentry"],"_links":{"self":[{"href":"https:\/\/www.arte-scienza.com\/en\/wp-json\/wp\/v2\/pages\/1854","targetHints":{"allow":["GET"]}}],"collection":[{"href":"https:\/\/www.arte-scienza.com\/en\/wp-json\/wp\/v2\/pages"}],"about":[{"href":"https:\/\/www.arte-scienza.com\/en\/wp-json\/wp\/v2\/types\/page"}],"author":[{"embeddable":true,"href":"https:\/\/www.arte-scienza.com\/en\/wp-json\/wp\/v2\/users\/1"}],"replies":[{"embeddable":true,"href":"https:\/\/www.arte-scienza.com\/en\/wp-json\/wp\/v2\/comments?post=1854"}],"version-history":[{"count":18,"href":"https:\/\/www.arte-scienza.com\/en\/wp-json\/wp\/v2\/pages\/1854\/revisions"}],"predecessor-version":[{"id":2240,"href":"https:\/\/www.arte-scienza.com\/en\/wp-json\/wp\/v2\/pages\/1854\/revisions\/2240"}],"wp:attachment":[{"href":"https:\/\/www.arte-scienza.com\/en\/wp-json\/wp\/v2\/media?parent=1854"}],"curies":[{"name":"wp","href":"https:\/\/api.w.org\/{rel}","templated":true}]}}