{"id":1810,"date":"2021-12-01T00:01:20","date_gmt":"2021-12-01T00:01:20","guid":{"rendered":"https:\/\/www.arte-scienza.com\/?page_id=1810"},"modified":"2021-11-30T17:23:45","modified_gmt":"2021-11-30T17:23:45","slug":"1-dezember","status":"publish","type":"page","link":"https:\/\/www.arte-scienza.com\/en\/adventskalender-2021\/1-dezember\/","title":{"rendered":"1 Dezember"},"content":{"rendered":"<div class=\"fusion-fullwidth fullwidth-box fusion-builder-row-1 pageheader2021 nonhundred-percent-fullwidth non-hundred-percent-height-scrolling\" style=\"background-color: rgba(255,255,255,0);background-position: center center;background-repeat: no-repeat;padding-top:0px;padding-right:30px;padding-bottom:0px;padding-left:30px;margin-bottom: 0px;margin-top: 0px;border-width: 0px 0px 0px 0px;border-color:#eae9e9;border-style:solid;min-height:800px;\" ><div class=\"fusion-builder-row fusion-row\"><div class=\"fusion-layout-column fusion_builder_column fusion-builder-column-0 fusion_builder_column_1_1 1_1 fusion-one-full fusion-column-first fusion-column-last\" style=\"margin-top:0px;margin-bottom:20px;\"><div class=\"fusion-column-wrapper fusion-flex-column-wrapper-legacy\" style=\"background-position:center top;background-repeat:no-repeat;-webkit-background-size:cover;-moz-background-size:cover;-o-background-size:cover;background-size:cover;padding: 0px 0px 0px 0px;\"><div class=\"imageframe-align-center\"><span class=\"fusion-imageframe imageframe-none imageframe-1 hover-type-none\" style=\"width:100%;max-width:90px;margin-bottom:10px;\"><img decoding=\"async\" title=\"1\" src=\"data:image\/gif;base64,R0lGODlhAQABAAAAACH5BAEKAAEALAAAAAABAAEAAAICTAEAOw==\" data-orig-src=\"https:\/\/www.arte-scienza.com\/wp-content\/uploads\/2021\/11\/1-1.svg\" class=\"lazyload img-responsive wp-image-2003\"\/><\/span><\/div><style type=\"text\/css\">@media only screen and (max-width:850px) {.fusion-title.fusion-title-1{margin-top:10px!important;margin-bottom:!important;}}<\/style><div class=\"fusion-title title fusion-title-1 fusion-title-center fusion-title-text fusion-title-size-two adventskalender\" style=\"font-size:25px;margin-top:15px;margin-bottom:5px;\"><div class=\"title-sep-container title-sep-container-left\"><div class=\"title-sep sep-\" style=\"border-color:#e0dede;\"><\/div><\/div><div class=\"title-heading-center title-heading-tag\" style=\"font-family:&quot;Arial, Helvetica, sans-serif&quot;;font-weight:400;margin:0;font-size:1em;\"><p style=\"text-align: center;\"><span style=\"color: #58595b;\">1. Dezember 2021<\/span><\/p><\/div><div class=\"title-sep-container title-sep-container-right\"><div class=\"title-sep sep-\" style=\"border-color:#e0dede;\"><\/div><\/div><\/div><div class=\"fusion-sep-clear\"><\/div><div class=\"fusion-separator fusion-full-width-sep\" style=\"margin-left: auto;margin-right: auto;margin-top:30px;margin-bottom:30px;width:100%;max-width:100%;\"><div class=\"fusion-separator-border sep-single sep-solid\" style=\"border-color:#e0dede;border-top-width:1px;\"><\/div><\/div><div class=\"fusion-sep-clear\"><\/div><div class=\"fusion-text fusion-text-1\" style=\"font-size:30px;color:#f63549;font-family:&#039;Times New Roman&#039;, Times,serif;font-weight:400;\"><p style=\"text-align: center;\">Die Enstehung des Adventskalenders<\/p>\n<\/div><style type=\"text\/css\"><\/style><div class=\"fusion-title title fusion-title-2 fusion-title-center fusion-title-text fusion-title-size-two adventskalender\" style=\"font-size:20px;margin-top:0px;margin-bottom:0px;\"><div class=\"title-sep-container title-sep-container-left\"><div class=\"title-sep sep-\" style=\"border-color:#e0dede;\"><\/div><\/div><div class=\"title-heading-center title-heading-tag\" style=\"font-family:&quot;Arial, Helvetica, sans-serif&quot;;font-weight:400;margin:0;font-size:1em;\"><p style=\"text-align: center;\">Ab dem 1. Dezember werden Klein und Gro\u00df mit 24 kleinen \u00dcberraschungen verw\u00f6hnt. Die besondere Tradition des Adventskalenders erfreut sich daher nicht nur bei Kindern gro\u00dfer Beliebtheit. Dieser weihnachtliche Brauch war urspr\u00fcnglich allerdings eine reine Z\u00e4hlhilfe oder ein Zeitmesser. So h\u00e4ngten protestantische Familien ab dem 19. Jahrhundert 24 religi\u00f6se Bilder an die Wand. In einer anderen Variante waren es 24 an die Wand gemalte Kreidestriche, von denen die Kinder t\u00e4glich einen wegwischen durften. Eine niedliche Geschichte zur Entstehung des Adventskalenders, wie wir ihn heute kennen, ist die Folgende: Wir verdanken alles dem kleinen Gerhard Lang aus M\u00fcnchen. Der plagte seine Mutter st\u00e4ndig mit der Frage, wann denn nun endlich Weihnachten sei. Um dem Kleinen die Wartezeit zu vers\u00fc\u00dfen, \u00fcberlegte sich die Mutter folgendes: Sie legte Pl\u00e4tzchen in kleine Schachteln, klebte diese auf einen Karton und schrieb auf jedes Sch\u00e4chtelchen eine Zahl. Jeden Tag durfte der kleine Gerhard ein Sch\u00e4chtelchen \u00f6ffnen und das Pl\u00e4tzchen verspeisen. Wie es der Zufall wollte, geh\u00f6rte den Eltern die lithografische Kunstanstalt, die 1904 den ersten Adventskalender druckte &#8211; zwei gleich gro\u00dfe Pappen, deren eine mit Sinnspr\u00fcchen bedruckt war und deren andere mit bunten Bildern. Jeden Tag wurde ein Bild ausgeschnitten und nach Lekt\u00fcre auf den Spruch geklebt. So kamen die ersten gedruckten Adventskalender Anfang des 20. Jahrhunderts in Hamburg und M\u00fcnchen auf den Markt. Der uns heute bekannte Kalender mit T\u00fcrchen und Motiven aus der Weihnachtsgeschichte folgte nach 1920, und kleine Schokoladen\u00fcberraschungen erwarteten Kinder von den 1950er-Jahren an. Und inzwischen gibt es auch \u201eOnline-Kalender\u201c wie diesen hier \u2013 wir w\u00fcnschen damit 23 weitere spannende Tage mit einer Adventszeit voller \u00dcberraschungen!<\/p>\n<p style=\"text-align: center;\">Damit Sie gut f\u00fcr Weihnachten vorbereitet sind:<\/p>\n<p style=\"text-align: center;\"><a href=\"https:\/\/www.arte-scienza.com\/wp-content\/uploads\/2021\/11\/arteScienza_Geschenke-Planer.pdf\">Hier<\/a> zum Download ein Geschenke-Planer, um dieses Jahr auch wirklich niemanden zu vergessen ;-)<\/p><\/div><div class=\"title-sep-container title-sep-container-right\"><div class=\"title-sep sep-\" style=\"border-color:#e0dede;\"><\/div><\/div><\/div><div class=\"imageframe-align-center\"><span class=\"fusion-imageframe imageframe-none imageframe-2 hover-type-none\"><a class=\"fusion-no-lightbox\" href=\"https:\/\/www.arte-scienza.com\/wp-content\/uploads\/2021\/11\/arteScienza_Geschenke-Planer.pdf\" target=\"_self\" aria-label=\"Download_Tuerchen-1\"><img decoding=\"async\" width=\"400\" height=\"534\" src=\"https:\/\/www.arte-scienza.com\/wp-content\/uploads\/2021\/11\/Download_Tuerchen-1.png\" data-orig-src=\"https:\/\/www.arte-scienza.com\/wp-content\/uploads\/2021\/11\/Download_Tuerchen-1-400x534.png\" class=\"lazyload img-responsive wp-image-2054\" srcset=\"data:image\/svg+xml,%3Csvg%20xmlns%3D%27http%3A%2F%2Fwww.w3.org%2F2000%2Fsvg%27%20width%3D%27747%27%20height%3D%27998%27%20viewBox%3D%270%200%20747%20998%27%3E%3Crect%20width%3D%27747%27%20height%3D%273998%27%20fill-opacity%3D%220%22%2F%3E%3C%2Fsvg%3E\" data-srcset=\"https:\/\/www.arte-scienza.com\/wp-content\/uploads\/2021\/11\/Download_Tuerchen-1-200x267.png 200w, https:\/\/www.arte-scienza.com\/wp-content\/uploads\/2021\/11\/Download_Tuerchen-1-400x534.png 400w, https:\/\/www.arte-scienza.com\/wp-content\/uploads\/2021\/11\/Download_Tuerchen-1-600x802.png 600w, https:\/\/www.arte-scienza.com\/wp-content\/uploads\/2021\/11\/Download_Tuerchen-1.png 747w\" data-sizes=\"auto\" data-orig-sizes=\"(max-width: 850px) 100vw, 400px\" \/><\/a><\/span><\/div><script>\njQuery(document).on('ready', function () {\n   jQuery('#main').attr('style','padding-top:0px !important; padding-bottom: 0px !important;');\n})\n<\/script><div class=\"fusion-clearfix\"><\/div><\/div><\/div><\/div><\/div>","protected":false},"excerpt":{"rendered":"","protected":false},"author":1,"featured_media":0,"parent":1803,"menu_order":0,"comment_status":"closed","ping_status":"closed","template":"","meta":{"footnotes":""},"class_list":["post-1810","page","type-page","status-publish","hentry"],"_links":{"self":[{"href":"https:\/\/www.arte-scienza.com\/en\/wp-json\/wp\/v2\/pages\/1810","targetHints":{"allow":["GET"]}}],"collection":[{"href":"https:\/\/www.arte-scienza.com\/en\/wp-json\/wp\/v2\/pages"}],"about":[{"href":"https:\/\/www.arte-scienza.com\/en\/wp-json\/wp\/v2\/types\/page"}],"author":[{"embeddable":true,"href":"https:\/\/www.arte-scienza.com\/en\/wp-json\/wp\/v2\/users\/1"}],"replies":[{"embeddable":true,"href":"https:\/\/www.arte-scienza.com\/en\/wp-json\/wp\/v2\/comments?post=1810"}],"version-history":[{"count":132,"href":"https:\/\/www.arte-scienza.com\/en\/wp-json\/wp\/v2\/pages\/1810\/revisions"}],"predecessor-version":[{"id":2204,"href":"https:\/\/www.arte-scienza.com\/en\/wp-json\/wp\/v2\/pages\/1810\/revisions\/2204"}],"up":[{"embeddable":true,"href":"https:\/\/www.arte-scienza.com\/en\/wp-json\/wp\/v2\/pages\/1803"}],"wp:attachment":[{"href":"https:\/\/www.arte-scienza.com\/en\/wp-json\/wp\/v2\/media?parent=1810"}],"curies":[{"name":"wp","href":"https:\/\/api.w.org\/{rel}","templated":true}]}}