{"id":1743,"date":"2020-12-02T18:05:08","date_gmt":"2020-12-02T18:05:08","guid":{"rendered":"https:\/\/www.arte-scienza.com\/?page_id=1743"},"modified":"2021-02-25T14:16:00","modified_gmt":"2021-02-25T14:16:00","slug":"agb","status":"publish","type":"page","link":"https:\/\/www.arte-scienza.com\/en\/agb\/","title":{"rendered":"Conditions"},"content":{"rendered":"<div id=\"topafterslider\"><div class=\"fusion-fullwidth fullwidth-box fusion-builder-row-1 nonhundred-percent-fullwidth non-hundred-percent-height-scrolling\" style=\"background-color: #ffffff;background-position: center center;background-repeat: no-repeat;padding-top:50px;padding-right:30px;padding-bottom:50px;padding-left:30px;margin-bottom: 0px;margin-top: 0px;border-width: 0px 0px 0px 0px;border-color:#eae9e9;border-style:solid;\" ><div class=\"fusion-builder-row fusion-row\"><div class=\"fusion-layout-column fusion_builder_column fusion-builder-column-0 fusion_builder_column_1_1 1_1 fusion-one-full fusion-column-first fusion-column-last\" style=\"margin-top:0px;margin-bottom:20px;\"><div class=\"fusion-column-wrapper fusion-flex-column-wrapper-legacy\" style=\"background-position:left top;background-repeat:no-repeat;-webkit-background-size:cover;-moz-background-size:cover;-o-background-size:cover;background-size:cover;padding: 0px 0px 0px 0px;\"><style type=\"text\/css\"><\/style><div class=\"fusion-title title fusion-title-1 fusion-title-center fusion-title-text fusion-title-size-two\" style=\"margin-top:0px;margin-bottom:50px;\"><div class=\"title-sep-container title-sep-container-left\"><div class=\"title-sep sep-single sep-solid\" style=\"border-color:#e0dede;\"><\/div><\/div><h2 class=\"title-heading-center\" style=\"margin:0;\">Allgemeine Gesch\u00e4ftsbedingungen der arteScienza GmbH<\/h2><div class=\"title-sep-container title-sep-container-right\"><div class=\"title-sep sep-single sep-solid\" style=\"border-color:#e0dede;\"><\/div><\/div><\/div><div class=\"fusion-text fusion-text-1\"><p><strong>\u00a71 Allgemeines<\/strong><br \/>\nFolgende Allgemeine Gesch\u00e4ftsbedingungen der arteScienza GmbH (im folgenden Text arteScienza genannt), sind Bestandteil aller Vertr\u00e4ge. Entgegenstehende Gesch\u00e4ftsbedingungen des Kunden sind nur dann wirksam, wenn sie von arteScienza ausdr\u00fccklich und schriftlich anerkannt werden. Von diesen Allgemeinen Gesch\u00e4ftsbedingungen abweichende oder diese erg\u00e4nzende Vereinbarungen bed\u00fcrfen der Schriftform (\u00a7 126 BGB).<\/p>\n<p><strong>\u00a7 2 Vertr\u00e4ge<\/strong><br \/>\nDie Vertragsschlie\u00dfung muss in Schriftform (\u00a7 126 BGB) erfolgen. \u00c4nderungen oder Erg\u00e4nzungen eines auf Basis dieser AGB geschlossenen Vertrages gelten nur dann, wenn sie schriftlich vereinbart wurden.Mit Vertragsschluss beginnt die Vertragsausf\u00fchrung. Im Falle der vorzeitigen Vertragsbeendigung durch den Kunden bei einem Vertrag \u00fcber eine Dienstleistung werden die bisher angefallenen Arbeiten einschlie\u00dflich Vorarbeit in Rechnung gestellt. arteScienza hat das Recht, nach eigenem Ermessen Dritte als Subunternehmer zur Erbringung der vereinbarten Leistungen einzuschalten.<\/p>\n<p><strong>\u00a7 3 Preisgestaltung<\/strong><br \/>\nVom Kunden zus\u00e4tzlich zu einem Angebot der arteScienza gew\u00fcnschte Zusatzleistungen werden auf der Basis der aktuellen Preisliste durchgef\u00fchrt. Preiserh\u00f6hungen oder \u2013anpassungen bei Dauerschuldverh\u00e4ltnissen wie Webhosting oder -pflege werden 3 Monate vor ihrer G\u00fcltigkeit angek\u00fcndigt. Bei einer Erh\u00f6hung um mehr als 5% steht dem Kunden, der Verbraucher ist (\u00a7 13 BGB), ein Sonderk\u00fcndigungsrecht bezogen auf den betroffenen Teil der Vereinbarung zu. Gegen\u00fcber Kunden, die Unternehmer (\u00a7 14 BGB) sind, sind alle Angebote und Preise freibleibend.<\/p>\n<p><strong>\u00a7 4 Zahlungsbedingungen<\/strong><br \/>\nSoweit nichts anderes vereinbart ist, sind alle Rechnungen nach Zugang f\u00e4llig und sp\u00e4testens 14 Tage nach Rechnungsstellung zu zahlen. Bei \u00dcberschreitung der Zahlungsfristen ist die arteScienza berechtigt, Mahngeb\u00fchren in H\u00f6he von 2,50 Euro (pauschal) zu berechnen. Die Geltendmachung eines weiteren Verzugsschaden wird hierdurch nicht ber\u00fchrt. Im Falle von Zahlungsverzug kann die arteScienza nach vorheriger Ank\u00fcndigung die weitere Ausf\u00fchrung jeglicher Leistungen bis zur vollst\u00e4ndigen Bezahlung aller f\u00e4lligen Rechnungen einstellen. Bis dahin entstandene Kosten werden zus\u00e4tzlich in Rechnung gestellt. Von arteScienza erstellte Webseiten k\u00f6nnen bis zur vollst\u00e4ndigen Bezahlung f\u00fcr den Zugriff gesperrt werden.Vor Beginn der Vertragsausf\u00fchrung ist die arteScienza berechtigt, eine Vorauszahlung in H\u00f6he von 50 % zu fordern, die in der Endabrechnung verrechnet wird. Sind Leistungen Dritter Bestandteil des Vertrages (z.B. Erstellung von Konzepten, Programmierung, Erstellung von Druckerzeugnissen, graphische Gestaltung, etc.), so ist arteScienza berechtigt, Vorauszahlungen entsprechend dieser Leistungen Dritter zu verlangen. Der Kunde kann mit Forderungen gegen\u00fcber der arteScienza nur dann aufrechnen, wenn sie von beiden Seiten anerkannt, rechtskr\u00e4ftig oder unbestritten sind.<\/p>\n<p><strong>\u00a7 5 Vertraulichkeit<\/strong><br \/>\nDer Kunde und die arteScienza verpflichten sich, s\u00e4mtliche vertraulichen Informationen, die im Zusammenhang mit der Vertragsabwicklung bekannt werden, vertraulich zu behandeln und nicht gegen\u00fcber Dritten zu offenbaren oder anderweitig zu verwenden. Unter vertraulich sind dabei alle Informationen zu verstehen, die nicht allgemein bekannt sind und die entweder von einer Vertragspartei als vertraulich eingestuft werden oder bei denen sich aus den Umst\u00e4nden ergibt, dass sie als vertraulich behandelt werden sollen. Nicht als vertraulich gelten Informationen, die der jeweiligen Vertragspartei bekannt waren, bevor sie ihr von der anderen Vertragspartei offenbart wurden, sowie Informationen, die ohne ein Verschulden der jeweiligen Vertragspartei allgemein zug\u00e4nglich werden. Der anderen Vertragspartei \u00fcbergebene Unterlagen, Objekte, Materialen, sowie mitgeteilte Kenntnisse und Erfahrungen d\u00fcrfen ausschlie\u00dflich f\u00fcr die Zwecke dieses Vertrages verwendet und Dritten nicht zug\u00e4nglich gemacht werden, sofern sie nicht ihrer Bestimmung nach Dritten zug\u00e4nglich gemacht werden sollen oder dem Dritten bereits bekannt sind. Dritte sind nicht die zur Durchf\u00fchrung des Vertragsverh\u00e4ltnisses hinzugezogenen Hilfspersonen wie freie Mitarbeiter, Subunternehmer etc..Die Geheimhaltungsverpflichtung gilt auch \u00fcber die Beendigung des Vertragsverh\u00e4ltnisses hinaus unbegrenzt. Wenn eine Vertragspartei dies verlangt, sind die von ihr \u00fcbergebenen Unterlagen, Objekte und Materialien nach Beendigung des Vertragsverh\u00e4ltnisses an sie herauszugeben, soweit die andere Vertragspartei kein berechtigtes Interesse an diesen Unterlagen geltend machen kann. Die Vertragsparteien verpflichten sich, f\u00fcr jeden Fall der verschuldeten Zuwiderhandlung gegen eine der vorstehenden Vereinbarungen, eine Vertragsstrafe in H\u00f6he der Vertragssumme zu zahlen. Die Parteien verpflichten sich zus\u00e4tzlich, die einschl\u00e4gigen datenschutzrechtlichen Bestimmungen einzuhalten. arteScienza wird alle mit der Vertragsausf\u00fchrung betrauten Subunternehmer gleichfalls auf die Einhaltung von Vertraulichkeit und Datenschutz verpflichten.<\/p>\n<p><strong>\u00a7 6 Nutzungsrecht &amp; Urheberrecht<\/strong><br \/>\n<strong>\u00a7 6.1 Einzelne Objekte<br \/>\n<\/strong>Das Urheberrecht f\u00fcr ver\u00f6ffentlichte und erstellte Objekte (Fotos, Grafiken, Webseiten, Intro-Animationen, Scripte, Programme, Konzepte, Seminardesign) bleibt allein bei der arteScienza. Der Kunde erh\u00e4lt mit der vollst\u00e4ndigen Bezahlung, wenn nicht anders vereinbart, dass eingeschr\u00e4nkte Nutzungsrecht f\u00fcr die erstellten Objekte. Eine Vervielf\u00e4ltigung oder Verwendung solcher Objekte in anderen elektronischen oder gedruckten Publikationen, insbesondere auf anderen Internetseiten, ist ohne ausdr\u00fcckliche Zustimmung von arteScienza nicht gestattet. Erstellte Rohmaterialien von arteScienza, sind Eigentum der arteScienza, die Urheber- und Nutzungsrechte bleiben allein bei der arteScienza. Die arteScienza beh\u00e4lt sich vor, Urheber- und Impressumsangaben auf den erstellten Internetseiten anzubringen sowie diese als Referenzen auf der eigenen Website anzugeben. Der Kunde verpflichtet sich, nur Texte, Grafiken, Scripte, Programme zu \u00fcbermitteln, an denen keine der \u00dcbermittlung und\/oder Nutzung entgegen stehende Rechte Dritter bestehen.<\/p>\n<p><strong>\u00a7 6.2 Projektergebnisse<\/strong><br \/>\nAlle Urheberrechte an Projektergebnissen der arteScienza bleiben der arteScienza vorbehalten. Sofern nicht anders vereinbart, erh\u00e4lt der Kunde zeitlich und r\u00e4umlich unbeschr\u00e4nkte Verwertungsrechte an den gesamten Projektergebnissen. Nicht enthalten ist das Recht auf Weiterbearbeitung der Projektergebnisse, auf \u00dcbertragung und Bearbeitung in anderen als den vereinbarten Medien, auf Exklusivit\u00e4t und auf \u00dcbertragung von Rechten an Dritte. Es besteht kein grunds\u00e4tzlicher Anspruch auf die \u00dcberlassung der Quelltexte. Ein Anspruch darauf kann jedoch unter den Vertragsparteien im Voraus in Schriftform (\u00a7 126 BGB) vereinbart werden.<\/p>\n<p><strong>\u00a7 7 Haftungsbeschr\u00e4nkungen &amp; -ausschl\u00fcsse:<\/strong><br \/>\nHaftungs- und Schadensersatzanspr\u00fcche sind in jedem Falle auf den jeweiligen Vertragswert beschr\u00e4nkt.Sollten Viren oder \u00e4hnliches auf den von arteScienza gelieferten Datentr\u00e4gern festgestellt werden, haftet arteScienza nur bei Vorsatz oder grober Fahrl\u00e4ssigkeit. Der Kunde ist dazu verpflichtet, die Datentr\u00e4ger unverz\u00fcglich nach Lieferung zu \u00fcberpr\u00fcfen und unmittelbar nach Feststellung sch\u00e4dlicher Datentr\u00e4ger die arteScienza davon in Kenntnis zu setzten, sp\u00e4testens sieben Tage nach Lieferung. Die Verletzung dieser Pr\u00fcf- und Anzeigepflicht f\u00fchrt zu einem Haftungsausschluss der arteScienza. Bei leichter Fahrl\u00e4ssigkeit haftet die arteScienza nur bei Verletzung vertragswesentlicher Pflichten (Hauptpflichten, sog. Kardinalpflichten), wenn sie einen Mangel arglistig verschwiegen oder eine Garantie f\u00fcr die Beschaffenheit eines Werkes \u00fcbernommen hat. Im \u00dcbrigen ist die vorvertragliche, vertragliche und au\u00dfervertragliche Haftung auf Vorsatz und grobe Fahrl\u00e4ssigkeit beschr\u00e4nkt. Die Haftungsbeschr\u00e4nkung gilt auch im Falle des Verschuldens eines Erf\u00fcllungsgehilfen der arteScienza. F\u00fcr die Gew\u00e4hrleistung gilt abweichend von den gesetzlichen Bestimmungen eine Gew\u00e4hrleistungsfrist von einem Jahr, wenn der Kunde Unternehmer (\u00a7 14 BGB) ist. Ausgenommen von der Gew\u00e4hrleistungsverk\u00fcrzung ist die Haftung f\u00fcr Sch\u00e4den aus der Verletzung des Lebens, des K\u00f6rpers oder der Gesundheit sowie f\u00fcr sonstige Sch\u00e4den, die auf einer grob fahrl\u00e4ssigen Pflichtverletzung beruhen. Dies gilt auch im Falle des Verschuldens eines Erf\u00fcllungsgehilfen der arteScienza. Bei \u00c4nderungen an Daten, durch den Kunden oder Dritte, erlischt jeglicher Gew\u00e4hrleistungs- oder Haftungsanspruch. Mit der \u00dcbergabe von Quellmaterial (Texte, Grafiken, Bilder, etc.) stellt der Kunde arteScienza von jeglicher Haftung f\u00fcr den Inhalt frei und sichert zu, kein Material zu \u00fcbermitteln, das Dritte in ihren Rechten verletzt.arteScienza \u00fcbernimmt keine Pr\u00fcfung, diese obliegt einzig dem Kunden.<\/p>\n<p><strong>\u00a7 8 Darstellung<\/strong><br \/>\nVerschiedene Browser (Betrachtungssoftware f\u00fcr Internetseiten) haben unterschiedliche Darstellungsarten, die von den Nutzern zus\u00e4tzlich individuell ver\u00e4ndert werden k\u00f6nnen. arteScienza \u00fcbernimmt keine Garantie, dass alle von ihr erstellten HTML-Dokumente immer und in allen aktuellen Versionen aller Browser gleich dargestellt werden. arteScienza f\u00fchrt auf Wunsch den Nachweis der Lauff\u00e4higkeit und Funktionalit\u00e4t mit den Standard-Einstellungen der folgenden Browser in ihrer jeweils aktuellen Version: Internet Explorer, Safari, Firefox, Opera.<\/p>\n<p><strong>\u00a7 9 Suchmaschinenarte<\/strong><br \/>\nScienza f\u00fchrt auf Wunsch und nach Absprache mit dem Kunden Eintr\u00e4ge in Suchmaschinen durch. Eine Garantie oder Gew\u00e4hr f\u00fcr eine wunsch-gem\u00e4\u00dfe Eintragung oder Platzierung kann nicht \u00fcbernommen werden.<\/p>\n<p><strong>\u00a7 10 Datenschutz<\/strong><br \/>\nDie arteScienza nimmt den Schutz von pers\u00f6nlichen Daten (personenbezogene Daten, Passw\u00f6rter, Zugangsdaten) sehr ernst und trifft die erforderlichen technischen und organisatorischen Ma\u00dfnahmen. Personenbezogene Daten werden von der arteScienza nur im technisch notwendigen Umfang erhoben. In keinem Fall werden die erhobenen Daten verkauft oder aus anderen Gr\u00fcnden an Dritte weitergegeben. Die Daten werden ausschlie\u00dflich zur Abwicklung der Anfragen, bzw. Bestellungen des Kunden oder der geschlossenen Vertr\u00e4ge verwendet.Es wird ausdr\u00fccklich darauf hingewiesen, dass die Daten\u00fcbertragung im Internet (z.B. die Kommunikation per E-Mail) Sicherheitsl\u00fccken aufweisen kann. Ein l\u00fcckenloser Schutz der Daten vor dem Zugriff durch Dritte ist nicht m\u00f6glich.Nach dem Bundesdatenschutzgesetz besteht ein Recht auf unentgeltliche Auskunft \u00fcber gespeicherte Daten sowie ggf. ein Recht auf Berichtigung, Sperrung oder L\u00f6schung dieser Daten. Bei Fragen zur Erhebung, Verarbeitung oder Nutzung von personenbezogenen Daten, bei Ausk\u00fcnften, Berichtigung, Sperrung oder L\u00f6schung von Daten sowie im Falle des Widerrufs einer erteilten Einwilligung zur Zusendung von Werbemails der arteScienza hat sich der Kunde in Textform (\u00a7 126b BGB) an die arteScienza, Amselweg 6, 63128 Dietzenbach, zu wenden.Der Nutzung von ver\u00f6ffentlichten Kontaktdaten der arteScienza durch Dritte zur \u00dcbersendung von nicht ausdr\u00fccklich angeforderten Werbungs- und Informationsmaterialien wird hiermit ausdr\u00fccklich widersprochen. Die arteScienza beh\u00e4lt sich ausdr\u00fccklich rechtliche Schritte im Falle der unverlangten Zusendung von Werbeinformationen (etwa durch Spam-Mails) vor.<\/p>\n<p><strong>\u00a7 11 Verj\u00e4hrung<\/strong><br \/>\nAlle Anspr\u00fcche von Kunden, die Unternehmer (\u00a7 14 BGB) sind, aus einem Vertrag mit der arteScienza verj\u00e4hren sechs Monate nach dessen Beendigung. Im \u00dcbrigen gilt eine einj\u00e4hrige Verj\u00e4hrungsfrist f\u00fcr Kundenanspr\u00fcche.<\/p>\n<p><strong>\u00a7 12 Eigentumsvorbehalt<\/strong><br \/>\nGelieferte Ware und alle damit verbundenen Rechte bleiben bis zur vollst\u00e4ndigen Bezahlung des vereinbarten Gesamtpreises Eigentum der arteScienza.<\/p>\n<p><strong>\u00a7 13 Gerichtsstand<\/strong><br \/>\nSofern der Kunde Kaufmann ist, wird f\u00fcr alle Streitigkeiten, die sich aus oder im Zusammenhang mit dem zu Grunde liegenden Vertrag mit der arte-Scienza ergeben, der Sitz der arteScienza als Gerichtsstand vereinbart.<\/p>\n<p><strong>\u00a7 14 Widerrufsbelehrung<\/strong><br \/>\nEin Kunde, der Verbraucher (\u00a7 13 BGB) ist, ist berechtigt, die auf den Abschluss eines Vertrages \u00fcber die Lieferung von Waren oder \u00fcber die Erbringung von Dienstleistungen, der zwischen ihm und der arteScienza unter ausschlie\u00dflicher Verwendung von Fernkommunikationsmitteln abgeschlossen wird, gerichtete Willenserkl\u00e4rung innerhalb von zwei Wochen zu widerrufen. Die Widerrufsfrist beginnt mit dem Tag des Vertragsabschlusses, bei der Lieferung von Waren mit dem Tage ihres Eingangs beim Empf\u00e4nger. Der Widerruf muss in Textform (\u00a7 126b BGB) erfolgen. Er muss keine Begr\u00fcndung enthalten. Zur Fristwahrung gen\u00fcgt die rechtzeitige Absendung. Der Widerruf ist zu senden an:<\/p>\n<p>arteScienza GmbH<br \/>\nAmselweg 6<br \/>\nD-63128 Dietzenbach<br \/>\nE-Mail: sjk@arte-scienza.de<\/p>\n<p>Der Kunde ist bei Aus\u00fcbung des Widerrufsrechts zur R\u00fccksendung verpflichtet, wenn die Sache (z.B. Software) durch Paket versandt werden kann. Die Kosten hierf\u00fcr hat der Kunde zu tragen, wenn der Preis der zur\u00fcckzusendenden Sache einen Betrag von 40,- Euro nicht \u00fcbersteigt oder wenn bei einem h\u00f6heren Preis der Sache der Verbraucher die Gegenleistung oder eine Teilzahlung zum Zeitpunkt des Widerrufs noch nicht erbracht hat, es sei denn, dass die gelieferte Ware nicht der bestellten entspricht. Der Kunde hat Wertersatz f\u00fcr eine durch die bestimmungsgem\u00e4\u00dfe Ingebrauchnahme der Sache entstandene Verschlechterung zu leisten. Dies gilt nicht, wenn die Verschlechterung ausschlie\u00dflich auf die Pr\u00fcfung der Sache zur\u00fcckzuf\u00fchren ist. Bei Dienstleistungen ist zus\u00e4tzlich \u00a7 2 dieser AGB anzuwenden. Der Kunde stimmt ausdr\u00fccklich zu, dass die arteScienza vor Ende der Widerrufsfrist mit der Ausf\u00fchrung der Dienstleistung beginnt.<\/p>\n<\/div><div class=\"fusion-clearfix\"><\/div><\/div><\/div><\/div><\/div><\/div>","protected":false},"excerpt":{"rendered":"","protected":false},"author":1,"featured_media":0,"parent":0,"menu_order":0,"comment_status":"closed","ping_status":"closed","template":"","meta":{"footnotes":""},"class_list":["post-1743","page","type-page","status-publish","hentry"],"_links":{"self":[{"href":"https:\/\/www.arte-scienza.com\/en\/wp-json\/wp\/v2\/pages\/1743","targetHints":{"allow":["GET"]}}],"collection":[{"href":"https:\/\/www.arte-scienza.com\/en\/wp-json\/wp\/v2\/pages"}],"about":[{"href":"https:\/\/www.arte-scienza.com\/en\/wp-json\/wp\/v2\/types\/page"}],"author":[{"embeddable":true,"href":"https:\/\/www.arte-scienza.com\/en\/wp-json\/wp\/v2\/users\/1"}],"replies":[{"embeddable":true,"href":"https:\/\/www.arte-scienza.com\/en\/wp-json\/wp\/v2\/comments?post=1743"}],"version-history":[{"count":6,"href":"https:\/\/www.arte-scienza.com\/en\/wp-json\/wp\/v2\/pages\/1743\/revisions"}],"predecessor-version":[{"id":1765,"href":"https:\/\/www.arte-scienza.com\/en\/wp-json\/wp\/v2\/pages\/1743\/revisions\/1765"}],"wp:attachment":[{"href":"https:\/\/www.arte-scienza.com\/en\/wp-json\/wp\/v2\/media?parent=1743"}],"curies":[{"name":"wp","href":"https:\/\/api.w.org\/{rel}","templated":true}]}}